{"id":227,"date":"2017-01-26T12:08:11","date_gmt":"2017-01-26T12:08:11","guid":{"rendered":"http:\/\/disseny-test.uoc.edu\/recursos\/tipo\/?page_id=227"},"modified":"2021-07-20T06:11:37","modified_gmt":"2021-07-20T06:11:37","slug":"3-textos-3","status":"publish","type":"page","link":"http:\/\/disseny-test.uoc.edu\/recursos\/tipo\/3-textos-3\/","title":{"rendered":"3. Textos"},"content":{"rendered":"<p><\/p>\n<h3><strong>3.3. Color i textura tipogr\u00e0fica<\/strong><\/h3>\n<p>La tria de la <strong>tipografia<\/strong>, el <strong>cos<\/strong>, el <strong>pes<\/strong> i l\u2019<strong>interlineat<\/strong> afecten la textura i el color del text (la taca tipogr\u00e0fica). La <strong>taca de text<\/strong> ideal t\u00e9 un valor mitj\u00e0 gris (<em>a<\/em> de la figura 91) i no s\u2019ha de percebre com una s\u00e8rie de franges (<em>b<\/em> de la figura 91).<\/p>\n<div id=\"attachment_171\" style=\"width: 760px\" class=\"wp-caption alignnone\"><img aria-describedby=\"caption-attachment-171\" loading=\"lazy\" class=\"img-responsive wp-image-171 size-full\" src=\"http:\/\/disseny-test.uoc.edu\/recursos\/tipo\/wp-content\/uploads\/sites\/18\/2017\/01\/Tipografia_Materiales-M4_Pagina_04_Imagen_0002.png\" alt=\"Figura 84\" width=\"750\" height=\"525\" srcset=\"http:\/\/disseny-test.uoc.edu\/recursos\/tipo\/wp-content\/uploads\/sites\/18\/2017\/01\/Tipografia_Materiales-M4_Pagina_04_Imagen_0002.png 750w, http:\/\/disseny-test.uoc.edu\/recursos\/tipo\/wp-content\/uploads\/sites\/18\/2017\/01\/Tipografia_Materiales-M4_Pagina_04_Imagen_0002-300x210.png 300w\" sizes=\"(max-width: 750px) 100vw, 750px\" \/><p id=\"caption-attachment-171\" class=\"wp-caption-text\">Figura\u00a091<\/p><\/div>\n<p>&nbsp;<\/p>\n<h4><strong>Textura segons el disseny de la tipografia<\/strong><\/h4>\n<p>La difer\u00e8ncia entre tipus s\u2019expressa no nom\u00e9s en les lletres individuals, sin\u00f3 tamb\u00e9 en el conjunt de l\u00ednies tipogr\u00e0fiques que s\u2019uneixen per a constituir els blocs de text. Un text amb format id\u00e8ntic en el qual nom\u00e9s vari\u00ef la tipografia ofereix diferents textures a causa de les caracter\u00edstiques de cada disseny, com el <strong>gruix<\/strong> o el <strong>contrast<\/strong> en els tra\u00e7os, l\u2019<strong>altura de la x<\/strong> o la <strong>longitud d\u2019ascendents i descendents<\/strong>.<\/p>\n<div id=\"attachment_172\" style=\"width: 760px\" class=\"wp-caption alignnone\"><img aria-describedby=\"caption-attachment-172\" loading=\"lazy\" class=\"img-responsive wp-image-172 size-full\" src=\"http:\/\/disseny-test.uoc.edu\/recursos\/tipo\/wp-content\/uploads\/sites\/18\/2017\/01\/Tipografia_Materiales-M4_Pagina_05_Imagen_0001.png\" alt=\"Figura 85. Textura segons el disseny de la tipografia\" width=\"750\" height=\"334\" srcset=\"http:\/\/disseny-test.uoc.edu\/recursos\/tipo\/wp-content\/uploads\/sites\/18\/2017\/01\/Tipografia_Materiales-M4_Pagina_05_Imagen_0001.png 750w, http:\/\/disseny-test.uoc.edu\/recursos\/tipo\/wp-content\/uploads\/sites\/18\/2017\/01\/Tipografia_Materiales-M4_Pagina_05_Imagen_0001-300x134.png 300w\" sizes=\"(max-width: 750px) 100vw, 750px\" \/><p id=\"caption-attachment-172\" class=\"wp-caption-text\">Figura 92. Textura segons el disseny de la tipografia<\/p><\/div>\n<p>&nbsp;<\/p>\n<h4><strong>Textura segons el cos<\/strong><\/h4>\n<p>&nbsp;<\/p>\n<div id=\"attachment_301\" style=\"width: 760px\" class=\"wp-caption alignnone\"><img aria-describedby=\"caption-attachment-301\" loading=\"lazy\" class=\"img-responsive wp-image-301 size-full\" src=\"http:\/\/disseny-test.uoc.edu\/recursos\/tipo\/wp-content\/uploads\/sites\/18\/2017\/01\/Tipografia_Materiales-M4_Pagina_05_Imagen_0002-1.png\" alt=\"Figura 86. Textura segons el cos\" width=\"750\" height=\"498\" srcset=\"http:\/\/disseny-test.uoc.edu\/recursos\/tipo\/wp-content\/uploads\/sites\/18\/2017\/01\/Tipografia_Materiales-M4_Pagina_05_Imagen_0002-1.png 750w, http:\/\/disseny-test.uoc.edu\/recursos\/tipo\/wp-content\/uploads\/sites\/18\/2017\/01\/Tipografia_Materiales-M4_Pagina_05_Imagen_0002-1-300x199.png 300w\" sizes=\"(max-width: 750px) 100vw, 750px\" \/><p id=\"caption-attachment-301\" class=\"wp-caption-text\">Figura 93. Textura segons el cos<\/p><\/div>\n<p>&nbsp;<\/p>\n<h4><strong>Textura segons el pes<\/strong><\/h4>\n<p>&nbsp;<\/p>\n<div id=\"attachment_174\" style=\"width: 760px\" class=\"wp-caption alignnone\"><img aria-describedby=\"caption-attachment-174\" loading=\"lazy\" class=\"img-responsive wp-image-174 size-full\" src=\"http:\/\/disseny-test.uoc.edu\/recursos\/tipo\/wp-content\/uploads\/sites\/18\/2017\/01\/Tipografia_Materiales-M4_Pagina_06_Imagen_0001.png\" alt=\"Figura 87. Textura segons el pes\" width=\"750\" height=\"482\" srcset=\"http:\/\/disseny-test.uoc.edu\/recursos\/tipo\/wp-content\/uploads\/sites\/18\/2017\/01\/Tipografia_Materiales-M4_Pagina_06_Imagen_0001.png 750w, http:\/\/disseny-test.uoc.edu\/recursos\/tipo\/wp-content\/uploads\/sites\/18\/2017\/01\/Tipografia_Materiales-M4_Pagina_06_Imagen_0001-300x193.png 300w\" sizes=\"(max-width: 750px) 100vw, 750px\" \/><p id=\"caption-attachment-174\" class=\"wp-caption-text\">Figura 94. Textura segons el pes<\/p><\/div>\n<p>&nbsp;<\/p>\n<h4><strong>Textura segons l&#8217;interlineat<\/strong><\/h4>\n<p>&nbsp;<\/p>\n<div id=\"attachment_175\" style=\"width: 760px\" class=\"wp-caption alignnone\"><img aria-describedby=\"caption-attachment-175\" loading=\"lazy\" class=\"img-responsive wp-image-175 size-full\" src=\"http:\/\/disseny-test.uoc.edu\/recursos\/tipo\/wp-content\/uploads\/sites\/18\/2017\/01\/Tipografia_Materiales-M4_Pagina_06_Imagen_0002.png\" alt=\"Figura 88. Textura segons l\u2019interlineat\" width=\"750\" height=\"479\" srcset=\"http:\/\/disseny-test.uoc.edu\/recursos\/tipo\/wp-content\/uploads\/sites\/18\/2017\/01\/Tipografia_Materiales-M4_Pagina_06_Imagen_0002.png 750w, http:\/\/disseny-test.uoc.edu\/recursos\/tipo\/wp-content\/uploads\/sites\/18\/2017\/01\/Tipografia_Materiales-M4_Pagina_06_Imagen_0002-300x192.png 300w\" sizes=\"(max-width: 750px) 100vw, 750px\" \/><p id=\"caption-attachment-175\" class=\"wp-caption-text\">Figura 95. Textura segons l\u2019interlineat<\/p><\/div>\n<p>&nbsp;<\/p>\n<h4><strong>Conclusions<\/strong><\/h4>\n<p>La tria de la tipografia, el cos, el pes i l\u2019interlineat afecten la textura i el color del text (la taca tipogr\u00e0fica). La taca de text ideal t\u00e9 un valor mitj\u00e0 gris i no s\u2019ha de percebre com una s\u00e8rie de franges.<\/p>\n<p>La difer\u00e8ncia entre tipus s\u2019expressa no nom\u00e9s en les lletres individuals, sin\u00f3 tamb\u00e9 en el conjunt de l\u00ednies tipogr\u00e0fiques que s\u2019uneixen per a constituir els blocs de text.<\/p>","protected":false},"excerpt":{"rendered":"<p>3.3. Color i textura tipogr\u00e0fica La tria de la tipografia, el cos, el pes i l\u2019interlineat afecten la textura i el color del text (la taca tipogr\u00e0fica). La taca de text ideal t\u00e9 un valor mitj\u00e0 gris (a de la figura 91) i no s\u2019ha de percebre com una s\u00e8rie de franges (b de la [&hellip;]<\/p>\n","protected":false},"author":1,"featured_media":0,"parent":0,"menu_order":0,"comment_status":"closed","ping_status":"closed","template":"","meta":[],"acf":[],"_links":{"self":[{"href":"http:\/\/disseny-test.uoc.edu\/recursos\/tipo\/wp-json\/wp\/v2\/pages\/227"}],"collection":[{"href":"http:\/\/disseny-test.uoc.edu\/recursos\/tipo\/wp-json\/wp\/v2\/pages"}],"about":[{"href":"http:\/\/disseny-test.uoc.edu\/recursos\/tipo\/wp-json\/wp\/v2\/types\/page"}],"author":[{"embeddable":true,"href":"http:\/\/disseny-test.uoc.edu\/recursos\/tipo\/wp-json\/wp\/v2\/users\/1"}],"replies":[{"embeddable":true,"href":"http:\/\/disseny-test.uoc.edu\/recursos\/tipo\/wp-json\/wp\/v2\/comments?post=227"}],"version-history":[{"count":17,"href":"http:\/\/disseny-test.uoc.edu\/recursos\/tipo\/wp-json\/wp\/v2\/pages\/227\/revisions"}],"predecessor-version":[{"id":909,"href":"http:\/\/disseny-test.uoc.edu\/recursos\/tipo\/wp-json\/wp\/v2\/pages\/227\/revisions\/909"}],"wp:attachment":[{"href":"http:\/\/disseny-test.uoc.edu\/recursos\/tipo\/wp-json\/wp\/v2\/media?parent=227"}],"curies":[{"name":"wp","href":"https:\/\/api.w.org\/{rel}","templated":true}]}}