{"id":243,"date":"2017-01-26T12:38:20","date_gmt":"2017-01-26T12:38:20","guid":{"rendered":"http:\/\/disseny-test.uoc.edu\/recursos\/tipo\/?page_id=243"},"modified":"2021-07-22T07:40:27","modified_gmt":"2021-07-22T07:40:27","slug":"3-textos-8","status":"publish","type":"page","link":"http:\/\/disseny-test.uoc.edu\/recursos\/tipo\/3-textos-8\/","title":{"rendered":"3. Textos"},"content":{"rendered":"<p><\/p>\n<h3><strong>3.8. Ortotipografia<\/strong><\/h3>\n<p>L\u2019<strong>ortotipografia<\/strong> \u00e9s el conjunt de pautes per les quals es regeix l\u2019escriptura amb signes tipogr\u00e0fics. Es tracta d\u2019un camp que es troba entre l\u2019ortografia i la tipografia i que, per tant, varia segons la llengua. Un text amb errors d\u2019ortotipografia \u00e9s incorrecte i pot portar a malentesos.<\/p>\n<p>Encara que correspon al corrector o a l\u2019editor decidir si cal utilitzar un signe o un altre, el dissenyador gr\u00e0fic n\u2019hauria de con\u00e8ixer les normes b\u00e0siques. Tots els car\u00e0cters que componen una font tenen un significat i segueixen unes normes determinades.<\/p>\n<div id=\"attachment_182\" style=\"width: 460px\" class=\"wp-caption alignnone\"><img aria-describedby=\"caption-attachment-182\" loading=\"lazy\" class=\"img-responsive wp-image-182 size-full\" src=\"http:\/\/disseny-test.uoc.edu\/recursos\/tipo\/wp-content\/uploads\/sites\/18\/2017\/01\/Tipografia_Materiales-M4_Pagina_12_Imagen_0001.png\" alt=\"Figura 95. No \u00e9s el mateix el car\u00e0cter ' (1, minut), que \u00b4 (2, accent) o que \u2019 (3, ap\u00f2strof o, tamb\u00e9, cometa simple).\" width=\"450\" height=\"92\" srcset=\"http:\/\/disseny-test.uoc.edu\/recursos\/tipo\/wp-content\/uploads\/sites\/18\/2017\/01\/Tipografia_Materiales-M4_Pagina_12_Imagen_0001.png 450w, http:\/\/disseny-test.uoc.edu\/recursos\/tipo\/wp-content\/uploads\/sites\/18\/2017\/01\/Tipografia_Materiales-M4_Pagina_12_Imagen_0001-300x61.png 300w\" sizes=\"(max-width: 450px) 100vw, 450px\" \/><p id=\"caption-attachment-182\" class=\"wp-caption-text\">Figura 102. No \u00e9s el mateix el car\u00e0cter &#8216; (1, minut), que \u00b4 (2, accent) o que \u2019 (3, ap\u00f2strof o, tamb\u00e9, cometa simple).<\/p><\/div>\n<p>&nbsp;<\/p>\n<div id=\"attachment_183\" style=\"width: 760px\" class=\"wp-caption alignnone\"><img aria-describedby=\"caption-attachment-183\" loading=\"lazy\" class=\"img-responsive wp-image-183 size-full\" src=\"http:\/\/disseny-test.uoc.edu\/recursos\/tipo\/wp-content\/uploads\/sites\/18\/2017\/01\/Tipografia_Materiales-M4_Pagina_12_Imagen_0002.png\" alt=\"Figura 96. El primer par\u00e0graf cont\u00e9 alguns dels errors m\u00e9s comuns en ortotipografia, el segon \u00e9s la versi\u00f3 corregida i el tercer incorpora algunes millores\" width=\"750\" height=\"863\" srcset=\"http:\/\/disseny-test.uoc.edu\/recursos\/tipo\/wp-content\/uploads\/sites\/18\/2017\/01\/Tipografia_Materiales-M4_Pagina_12_Imagen_0002.png 750w, http:\/\/disseny-test.uoc.edu\/recursos\/tipo\/wp-content\/uploads\/sites\/18\/2017\/01\/Tipografia_Materiales-M4_Pagina_12_Imagen_0002-261x300.png 261w\" sizes=\"(max-width: 750px) 100vw, 750px\" \/><p id=\"caption-attachment-183\" class=\"wp-caption-text\">Figura 103. El primer par\u00e0graf cont\u00e9 alguns dels errors m\u00e9s comuns en ortotipografia, el segon \u00e9s la versi\u00f3 corregida i el tercer incorpora algunes millores <br \/> Font: Enric Jard\u00ed (2007). <em>Veintid\u00f3s consejos sobre tipograf\u00eda<\/em>\u2026 Editorial Actar.<\/p><\/div>\n<p>&nbsp;<\/p>\n<div id=\"attachment_184\" style=\"width: 760px\" class=\"wp-caption alignnone\"><img aria-describedby=\"caption-attachment-184\" loading=\"lazy\" class=\"img-responsive wp-image-184 size-full\" src=\"http:\/\/disseny-test.uoc.edu\/recursos\/tipo\/wp-content\/uploads\/sites\/18\/2017\/01\/Tipografia_Materiales-M4_Pagina_13_Imagen_0001.png\" alt=\"Figura 97. Aquests s\u00f3n els car\u00e0cters que t\u00edpicament apareixen en una font TrueType o Type 1 ordenats segons categories\" width=\"750\" height=\"881\" srcset=\"http:\/\/disseny-test.uoc.edu\/recursos\/tipo\/wp-content\/uploads\/sites\/18\/2017\/01\/Tipografia_Materiales-M4_Pagina_13_Imagen_0001.png 750w, http:\/\/disseny-test.uoc.edu\/recursos\/tipo\/wp-content\/uploads\/sites\/18\/2017\/01\/Tipografia_Materiales-M4_Pagina_13_Imagen_0001-255x300.png 255w\" sizes=\"(max-width: 750px) 100vw, 750px\" \/><p id=\"caption-attachment-184\" class=\"wp-caption-text\">Figura 104. Aquests s\u00f3n els car\u00e0cters que t\u00edpicament apareixen en una font TrueType o Type 1 ordenats segons categories <br \/> Font: Enric Jard\u00ed (2007). <em>Veintid\u00f3s consejos sobre tipograf\u00eda<\/em>\u2026 Editorial Actar.<\/p><\/div>\n<div id=\"attachment_299\" style=\"width: 460px\" class=\"wp-caption alignnone\"><img aria-describedby=\"caption-attachment-299\" loading=\"lazy\" class=\"img-responsive wp-image-299 size-full\" src=\"http:\/\/disseny-test.uoc.edu\/recursos\/tipo\/wp-content\/uploads\/sites\/18\/2017\/01\/Tipografia_Materiales-M4_Pagina_13_Imagen_0002-1.png\" alt=\"Figura 98. Alguns exemples dels s\u00edmbols que s\u2019utilitzen per a la correcci\u00f3 d\u2019estil\" width=\"450\" height=\"189\" srcset=\"http:\/\/disseny-test.uoc.edu\/recursos\/tipo\/wp-content\/uploads\/sites\/18\/2017\/01\/Tipografia_Materiales-M4_Pagina_13_Imagen_0002-1.png 450w, http:\/\/disseny-test.uoc.edu\/recursos\/tipo\/wp-content\/uploads\/sites\/18\/2017\/01\/Tipografia_Materiales-M4_Pagina_13_Imagen_0002-1-300x126.png 300w\" sizes=\"(max-width: 450px) 100vw, 450px\" \/><p id=\"caption-attachment-299\" class=\"wp-caption-text\">Figura 105. Alguns exemples dels s\u00edmbols que s\u2019utilitzen per a la correcci\u00f3 d\u2019estil <br \/> Font: <a href=\"http:\/\/www.arttra.es\/la-correccion\" target=\"_blank\" rel=\"noopener noreferrer\">http:\/\/www.arttra.es\/la-correccion<\/a><\/p><\/div>\n<h6><\/h6>\n<h4><strong>Conclusions<\/strong><\/h4>\n<p>L\u2019ortotipografia \u00e9s el conjunt de pautes per les quals es regeix l\u2019escriptura amb signes tipogr\u00e0fics. Es tracta d\u2019un camp que es troba entre l\u2019ortografia i la tipografia i que, per tant, varia segons la llengua.<\/p>","protected":false},"excerpt":{"rendered":"<p>3.8. Ortotipografia L\u2019ortotipografia \u00e9s el conjunt de pautes per les quals es regeix l\u2019escriptura amb signes tipogr\u00e0fics. Es tracta d\u2019un camp que es troba entre l\u2019ortografia i la tipografia i que, per tant, varia segons la llengua. Un text amb errors d\u2019ortotipografia \u00e9s incorrecte i pot portar a malentesos. Encara que correspon al corrector o [&hellip;]<\/p>\n","protected":false},"author":1,"featured_media":0,"parent":0,"menu_order":0,"comment_status":"closed","ping_status":"closed","template":"","meta":[],"acf":[],"_links":{"self":[{"href":"http:\/\/disseny-test.uoc.edu\/recursos\/tipo\/wp-json\/wp\/v2\/pages\/243"}],"collection":[{"href":"http:\/\/disseny-test.uoc.edu\/recursos\/tipo\/wp-json\/wp\/v2\/pages"}],"about":[{"href":"http:\/\/disseny-test.uoc.edu\/recursos\/tipo\/wp-json\/wp\/v2\/types\/page"}],"author":[{"embeddable":true,"href":"http:\/\/disseny-test.uoc.edu\/recursos\/tipo\/wp-json\/wp\/v2\/users\/1"}],"replies":[{"embeddable":true,"href":"http:\/\/disseny-test.uoc.edu\/recursos\/tipo\/wp-json\/wp\/v2\/comments?post=243"}],"version-history":[{"count":17,"href":"http:\/\/disseny-test.uoc.edu\/recursos\/tipo\/wp-json\/wp\/v2\/pages\/243\/revisions"}],"predecessor-version":[{"id":933,"href":"http:\/\/disseny-test.uoc.edu\/recursos\/tipo\/wp-json\/wp\/v2\/pages\/243\/revisions\/933"}],"wp:attachment":[{"href":"http:\/\/disseny-test.uoc.edu\/recursos\/tipo\/wp-json\/wp\/v2\/media?parent=243"}],"curies":[{"name":"wp","href":"https:\/\/api.w.org\/{rel}","templated":true}]}}